{"id":141,"date":"2011-08-28T23:03:52","date_gmt":"2011-08-28T20:03:52","guid":{"rendered":"http:\/\/www.tahelilled.eu\/?page_id=141"},"modified":"2011-12-18T15:21:01","modified_gmt":"2011-12-18T13:21:01","slug":"maitsetaimed","status":"publish","type":"page","link":"http:\/\/www.tahelilled.eu\/?page_id=141","title":{"rendered":"MAITSETAIMED"},"content":{"rendered":"<p>Miks mitte tellida s\u00f5brale v\u00f5i koost\u00f6\u00f6partnerile tavap\u00e4rase lillekimbu asemel lilletervitus maitsetaimeseadena? Lisaks \u00fcllatavale tervituskimbule on garanteeritud meeldej\u00e4\u00e4v ja praktiline kingitus k\u00f6\u00f6ki (loorber, rosmariin, basiilik jpt).<\/p>\n<div id='gallery-1' class='gallery galleryid-141 gallery-columns-4 gallery-size-thumbnail'><dl class='gallery-item'>\n\t\t\t<dt class='gallery-icon portrait'>\n\t\t\t\t<a href='http:\/\/www.tahelilled.eu\/?attachment_id=145'><img loading=\"lazy\" decoding=\"async\" width=\"150\" height=\"150\" src=\"http:\/\/www.tahelilled.eu\/wp-content\/uploads\/2011\/08\/141-150x150.jpg\" class=\"attachment-thumbnail size-thumbnail\" alt=\"\" aria-describedby=\"gallery-1-145\" srcset=\"http:\/\/www.tahelilled.eu\/wp-content\/uploads\/2011\/08\/141-150x150.jpg 150w, http:\/\/www.tahelilled.eu\/wp-content\/uploads\/2011\/08\/141-scaled-100x100.jpg 100w\" sizes=\"(max-width: 150px) 100vw, 150px\" \/><\/a>\n\t\t\t<\/dt>\n\t\t\t\t<dd class='wp-caption-text gallery-caption' id='gallery-1-145'>\n\t\t\t\tLOORBERIPUU. Hind 15 \u20ac (lisandub k\u00e4ru hind). Toote kood: Y1\n\t\t\t\t<\/dd><\/dl><dl class='gallery-item'>\n\t\t\t<dt class='gallery-icon portrait'>\n\t\t\t\t<a href='http:\/\/www.tahelilled.eu\/?attachment_id=146'><img loading=\"lazy\" decoding=\"async\" width=\"150\" height=\"150\" src=\"http:\/\/www.tahelilled.eu\/wp-content\/uploads\/2011\/08\/151-150x150.jpg\" class=\"attachment-thumbnail size-thumbnail\" alt=\"\" aria-describedby=\"gallery-1-146\" srcset=\"http:\/\/www.tahelilled.eu\/wp-content\/uploads\/2011\/08\/151-150x150.jpg 150w, http:\/\/www.tahelilled.eu\/wp-content\/uploads\/2011\/08\/151-scaled-100x100.jpg 100w\" sizes=\"(max-width: 150px) 100vw, 150px\" \/><\/a>\n\t\t\t<\/dt>\n\t\t\t\t<dd class='wp-caption-text gallery-caption' id='gallery-1-146'>\n\t\t\t\tROSMARIIN. Hind 15 \u20ac (lisandub korvi hind). Toote kood: Y2\n\t\t\t\t<\/dd><\/dl><dl class='gallery-item'>\n\t\t\t<dt class='gallery-icon portrait'>\n\t\t\t\t<a href='http:\/\/www.tahelilled.eu\/?attachment_id=147'><img loading=\"lazy\" decoding=\"async\" width=\"150\" height=\"150\" src=\"http:\/\/www.tahelilled.eu\/wp-content\/uploads\/2011\/08\/161-150x150.jpg\" class=\"attachment-thumbnail size-thumbnail\" alt=\"\" aria-describedby=\"gallery-1-147\" srcset=\"http:\/\/www.tahelilled.eu\/wp-content\/uploads\/2011\/08\/161-150x150.jpg 150w, http:\/\/www.tahelilled.eu\/wp-content\/uploads\/2011\/08\/161-200x201.jpg 200w, http:\/\/www.tahelilled.eu\/wp-content\/uploads\/2011\/08\/161-100x100.jpg 100w, http:\/\/www.tahelilled.eu\/wp-content\/uploads\/2011\/08\/161-300x302.jpg 300w, http:\/\/www.tahelilled.eu\/wp-content\/uploads\/2011\/08\/161-298x300.jpg 298w, http:\/\/www.tahelilled.eu\/wp-content\/uploads\/2011\/08\/161-1018x1024.jpg 1018w, http:\/\/www.tahelilled.eu\/wp-content\/uploads\/2011\/08\/161.jpg 1931w\" sizes=\"(max-width: 150px) 100vw, 150px\" \/><\/a>\n\t\t\t<\/dt>\n\t\t\t\t<dd class='wp-caption-text gallery-caption' id='gallery-1-147'>\n\t\t\t\tBASIILIK, PRANTSUSE LAVENDEL. Hind 20 \u20ac (lisandub korvi hind). Toote kood: Y3\n\t\t\t\t<\/dd><\/dl><dl class='gallery-item'>\n\t\t\t<dt class='gallery-icon portrait'>\n\t\t\t\t<a href='http:\/\/www.tahelilled.eu\/?attachment_id=175'><img loading=\"lazy\" decoding=\"async\" width=\"150\" height=\"150\" src=\"http:\/\/www.tahelilled.eu\/wp-content\/uploads\/2011\/08\/viielehine-eluv\u00e4\u00e4t_al.5-150x150.jpg\" class=\"attachment-thumbnail size-thumbnail\" alt=\"\" aria-describedby=\"gallery-1-175\" \/><\/a>\n\t\t\t<\/dt>\n\t\t\t\t<dd class='wp-caption-text gallery-caption' id='gallery-1-175'>\n\t\t\t\tVIIELEHINE ELUV\u00c4\u00c4T. Hind alates 5 \u20ac. Toote kood: Y4\n\t\t\t\t<\/dd><\/dl><br style=\"clear: both\" \/><dl class='gallery-item'>\n\t\t\t<dt class='gallery-icon portrait'>\n\t\t\t\t<a href='http:\/\/www.tahelilled.eu\/?attachment_id=174'><img loading=\"lazy\" decoding=\"async\" width=\"150\" height=\"150\" src=\"http:\/\/www.tahelilled.eu\/wp-content\/uploads\/2011\/08\/t\u00fc\u00fcmian_al_5.10_-150x150.jpg\" class=\"attachment-thumbnail size-thumbnail\" alt=\"\" aria-describedby=\"gallery-1-174\" \/><\/a>\n\t\t\t<\/dt>\n\t\t\t\t<dd class='wp-caption-text gallery-caption' id='gallery-1-174'>\n\t\t\t\tT\u00dc\u00dcMIAN. Hind alates 5.10 \u20ac. Toote kood: Y5\n\t\t\t\t<\/dd><\/dl><dl class='gallery-item'>\n\t\t\t<dt class='gallery-icon portrait'>\n\t\t\t\t<a href='http:\/\/www.tahelilled.eu\/?attachment_id=173'><img loading=\"lazy\" decoding=\"async\" width=\"150\" height=\"150\" src=\"http:\/\/www.tahelilled.eu\/wp-content\/uploads\/2011\/08\/t\u00fc\u00fcmian_al_5.10-150x150.jpg\" class=\"attachment-thumbnail size-thumbnail\" alt=\"\" aria-describedby=\"gallery-1-173\" \/><\/a>\n\t\t\t<\/dt>\n\t\t\t\t<dd class='wp-caption-text gallery-caption' id='gallery-1-173'>\n\t\t\t\tT\u00dc\u00dcMIAN. Hind alates 5.10 \u20ac. Toote kood: Y6\n\t\t\t\t<\/dd><\/dl><dl class='gallery-item'>\n\t\t\t<dt class='gallery-icon portrait'>\n\t\t\t\t<a href='http:\/\/www.tahelilled.eu\/?attachment_id=172'><img loading=\"lazy\" decoding=\"async\" width=\"150\" height=\"150\" src=\"http:\/\/www.tahelilled.eu\/wp-content\/uploads\/2011\/08\/suur-loorber_15.90-150x150.jpg\" class=\"attachment-thumbnail size-thumbnail\" alt=\"\" aria-describedby=\"gallery-1-172\" srcset=\"http:\/\/www.tahelilled.eu\/wp-content\/uploads\/2011\/08\/suur-loorber_15.90-150x150.jpg 150w, http:\/\/www.tahelilled.eu\/wp-content\/uploads\/2011\/08\/suur-loorber_15.90-scaled-100x100.jpg 100w\" sizes=\"(max-width: 150px) 100vw, 150px\" \/><\/a>\n\t\t\t<\/dt>\n\t\t\t\t<dd class='wp-caption-text gallery-caption' id='gallery-1-172'>\n\t\t\t\tSUUR LOORBER. Hind 15.90 \u20ac. Toote kood: Y7\n\t\t\t\t<\/dd><\/dl><dl class='gallery-item'>\n\t\t\t<dt class='gallery-icon landscape'>\n\t\t\t\t<a href='http:\/\/www.tahelilled.eu\/?attachment_id=171'><img loading=\"lazy\" decoding=\"async\" width=\"150\" height=\"150\" src=\"http:\/\/www.tahelilled.eu\/wp-content\/uploads\/2011\/08\/sidrunliivatee_al_5.10-150x150.jpg\" class=\"attachment-thumbnail size-thumbnail\" alt=\"\" aria-describedby=\"gallery-1-171\" srcset=\"http:\/\/www.tahelilled.eu\/wp-content\/uploads\/2011\/08\/sidrunliivatee_al_5.10-150x150.jpg 150w, http:\/\/www.tahelilled.eu\/wp-content\/uploads\/2011\/08\/sidrunliivatee_al_5.10-scaled-100x100.jpg 100w\" sizes=\"(max-width: 150px) 100vw, 150px\" \/><\/a>\n\t\t\t<\/dt>\n\t\t\t\t<dd class='wp-caption-text gallery-caption' id='gallery-1-171'>\n\t\t\t\tSIDRUNLIIVATEE. Hind alates 5.10 \u20ac. Toote kood: Y8\n\t\t\t\t<\/dd><\/dl><br style=\"clear: both\" \/><dl class='gallery-item'>\n\t\t\t<dt class='gallery-icon portrait'>\n\t\t\t\t<a href='http:\/\/www.tahelilled.eu\/?attachment_id=170'><img loading=\"lazy\" decoding=\"async\" width=\"150\" height=\"150\" src=\"http:\/\/www.tahelilled.eu\/wp-content\/uploads\/2011\/08\/salvei_al_4__-150x150.jpg\" class=\"attachment-thumbnail size-thumbnail\" alt=\"\" aria-describedby=\"gallery-1-170\" srcset=\"http:\/\/www.tahelilled.eu\/wp-content\/uploads\/2011\/08\/salvei_al_4__-150x150.jpg 150w, http:\/\/www.tahelilled.eu\/wp-content\/uploads\/2011\/08\/salvei_al_4__-scaled-100x100.jpg 100w\" sizes=\"(max-width: 150px) 100vw, 150px\" \/><\/a>\n\t\t\t<\/dt>\n\t\t\t\t<dd class='wp-caption-text gallery-caption' id='gallery-1-170'>\n\t\t\t\tSALVEI. Hind alates 4 \u20ac. Toote kood: Y9\n\t\t\t\t<\/dd><\/dl><dl class='gallery-item'>\n\t\t\t<dt class='gallery-icon portrait'>\n\t\t\t\t<a href='http:\/\/www.tahelilled.eu\/?attachment_id=169'><img loading=\"lazy\" decoding=\"async\" width=\"150\" height=\"150\" src=\"http:\/\/www.tahelilled.eu\/wp-content\/uploads\/2011\/08\/salvei_al_4_-150x150.jpg\" class=\"attachment-thumbnail size-thumbnail\" alt=\"\" aria-describedby=\"gallery-1-169\" srcset=\"http:\/\/www.tahelilled.eu\/wp-content\/uploads\/2011\/08\/salvei_al_4_-150x150.jpg 150w, http:\/\/www.tahelilled.eu\/wp-content\/uploads\/2011\/08\/salvei_al_4_-scaled-100x100.jpg 100w\" sizes=\"(max-width: 150px) 100vw, 150px\" \/><\/a>\n\t\t\t<\/dt>\n\t\t\t\t<dd class='wp-caption-text gallery-caption' id='gallery-1-169'>\n\t\t\t\tSALVEI. Hind alates 4 \u20ac. Toote kood: Y10\n\t\t\t\t<\/dd><\/dl><dl class='gallery-item'>\n\t\t\t<dt class='gallery-icon portrait'>\n\t\t\t\t<a href='http:\/\/www.tahelilled.eu\/?attachment_id=168'><img loading=\"lazy\" decoding=\"async\" width=\"150\" height=\"150\" src=\"http:\/\/www.tahelilled.eu\/wp-content\/uploads\/2011\/08\/salvei_al.4-150x150.jpg\" class=\"attachment-thumbnail size-thumbnail\" alt=\"\" aria-describedby=\"gallery-1-168\" srcset=\"http:\/\/www.tahelilled.eu\/wp-content\/uploads\/2011\/08\/salvei_al.4-150x150.jpg 150w, http:\/\/www.tahelilled.eu\/wp-content\/uploads\/2011\/08\/salvei_al.4-scaled-100x100.jpg 100w\" sizes=\"(max-width: 150px) 100vw, 150px\" \/><\/a>\n\t\t\t<\/dt>\n\t\t\t\t<dd class='wp-caption-text gallery-caption' id='gallery-1-168'>\n\t\t\t\tSALVEI. Hind alates 4 \u20ac. Toote kood: Y11\n\t\t\t\t<\/dd><\/dl><dl class='gallery-item'>\n\t\t\t<dt class='gallery-icon portrait'>\n\t\t\t\t<a href='http:\/\/www.tahelilled.eu\/?attachment_id=167'><img loading=\"lazy\" decoding=\"async\" width=\"150\" height=\"150\" src=\"http:\/\/www.tahelilled.eu\/wp-content\/uploads\/2011\/08\/rosmariin_al_10__-150x150.jpg\" class=\"attachment-thumbnail size-thumbnail\" alt=\"\" aria-describedby=\"gallery-1-167\" srcset=\"http:\/\/www.tahelilled.eu\/wp-content\/uploads\/2011\/08\/rosmariin_al_10__-150x150.jpg 150w, http:\/\/www.tahelilled.eu\/wp-content\/uploads\/2011\/08\/rosmariin_al_10__-scaled-100x100.jpg 100w\" sizes=\"(max-width: 150px) 100vw, 150px\" \/><\/a>\n\t\t\t<\/dt>\n\t\t\t\t<dd class='wp-caption-text gallery-caption' id='gallery-1-167'>\n\t\t\t\tROSMARIIN. Hind alates 10 \u20ac. Toote kood: Y12\n\t\t\t\t<\/dd><\/dl><br style=\"clear: both\" \/><dl class='gallery-item'>\n\t\t\t<dt class='gallery-icon portrait'>\n\t\t\t\t<a href='http:\/\/www.tahelilled.eu\/?attachment_id=166'><img loading=\"lazy\" decoding=\"async\" width=\"150\" height=\"150\" src=\"http:\/\/www.tahelilled.eu\/wp-content\/uploads\/2011\/08\/rosmariin_al_10-150x150.jpg\" class=\"attachment-thumbnail size-thumbnail\" alt=\"\" aria-describedby=\"gallery-1-166\" srcset=\"http:\/\/www.tahelilled.eu\/wp-content\/uploads\/2011\/08\/rosmariin_al_10-150x150.jpg 150w, http:\/\/www.tahelilled.eu\/wp-content\/uploads\/2011\/08\/rosmariin_al_10-scaled-100x100.jpg 100w\" sizes=\"(max-width: 150px) 100vw, 150px\" \/><\/a>\n\t\t\t<\/dt>\n\t\t\t\t<dd class='wp-caption-text gallery-caption' id='gallery-1-166'>\n\t\t\t\tROSMARIIN. Hind alates 10 \u20ac. Toote kood: Y13\n\t\t\t\t<\/dd><\/dl><dl class='gallery-item'>\n\t\t\t<dt class='gallery-icon portrait'>\n\t\t\t\t<a href='http:\/\/www.tahelilled.eu\/?attachment_id=165'><img loading=\"lazy\" decoding=\"async\" width=\"150\" height=\"150\" src=\"http:\/\/www.tahelilled.eu\/wp-content\/uploads\/2011\/08\/rosmariin_al.5.10-150x150.jpg\" class=\"attachment-thumbnail size-thumbnail\" alt=\"\" aria-describedby=\"gallery-1-165\" srcset=\"http:\/\/www.tahelilled.eu\/wp-content\/uploads\/2011\/08\/rosmariin_al.5.10-150x150.jpg 150w, http:\/\/www.tahelilled.eu\/wp-content\/uploads\/2011\/08\/rosmariin_al.5.10-scaled-100x100.jpg 100w\" sizes=\"(max-width: 150px) 100vw, 150px\" \/><\/a>\n\t\t\t<\/dt>\n\t\t\t\t<dd class='wp-caption-text gallery-caption' id='gallery-1-165'>\n\t\t\t\tROSMARIIN. Hind alates 5.10 \u20ac. Toote kood: Y14\n\t\t\t\t<\/dd><\/dl><dl class='gallery-item'>\n\t\t\t<dt class='gallery-icon landscape'>\n\t\t\t\t<a href='http:\/\/www.tahelilled.eu\/?attachment_id=164'><img loading=\"lazy\" decoding=\"async\" width=\"150\" height=\"150\" src=\"http:\/\/www.tahelilled.eu\/wp-content\/uploads\/2011\/08\/rippuv-rosmariin_al_5.10-150x150.jpg\" class=\"attachment-thumbnail size-thumbnail\" alt=\"\" aria-describedby=\"gallery-1-164\" srcset=\"http:\/\/www.tahelilled.eu\/wp-content\/uploads\/2011\/08\/rippuv-rosmariin_al_5.10-150x150.jpg 150w, http:\/\/www.tahelilled.eu\/wp-content\/uploads\/2011\/08\/rippuv-rosmariin_al_5.10-scaled-100x100.jpg 100w\" sizes=\"(max-width: 150px) 100vw, 150px\" \/><\/a>\n\t\t\t<\/dt>\n\t\t\t\t<dd class='wp-caption-text gallery-caption' id='gallery-1-164'>\n\t\t\t\tRIPPUV ROSMARIIN. Hind alates 5.10 \u20ac. Toote kood: Y15\n\t\t\t\t<\/dd><\/dl><dl class='gallery-item'>\n\t\t\t<dt class='gallery-icon portrait'>\n\t\t\t\t<a href='http:\/\/www.tahelilled.eu\/?attachment_id=163'><img loading=\"lazy\" decoding=\"async\" width=\"150\" height=\"150\" src=\"http:\/\/www.tahelilled.eu\/wp-content\/uploads\/2011\/08\/pune_al_5.10-150x150.jpg\" class=\"attachment-thumbnail size-thumbnail\" alt=\"\" aria-describedby=\"gallery-1-163\" srcset=\"http:\/\/www.tahelilled.eu\/wp-content\/uploads\/2011\/08\/pune_al_5.10-150x150.jpg 150w, http:\/\/www.tahelilled.eu\/wp-content\/uploads\/2011\/08\/pune_al_5.10-scaled-100x100.jpg 100w\" sizes=\"(max-width: 150px) 100vw, 150px\" \/><\/a>\n\t\t\t<\/dt>\n\t\t\t\t<dd class='wp-caption-text gallery-caption' id='gallery-1-163'>\n\t\t\t\tPUNE. Hind alates 5.10 \u20ac. Toote kood: Y16\n\t\t\t\t<\/dd><\/dl><br style=\"clear: both\" \/><dl class='gallery-item'>\n\t\t\t<dt class='gallery-icon portrait'>\n\t\t\t\t<a href='http:\/\/www.tahelilled.eu\/?attachment_id=162'><img loading=\"lazy\" decoding=\"async\" width=\"150\" height=\"150\" src=\"http:\/\/www.tahelilled.eu\/wp-content\/uploads\/2011\/08\/punane-basiilik_al.4-150x150.jpg\" class=\"attachment-thumbnail size-thumbnail\" alt=\"\" aria-describedby=\"gallery-1-162\" srcset=\"http:\/\/www.tahelilled.eu\/wp-content\/uploads\/2011\/08\/punane-basiilik_al.4-150x150.jpg 150w, http:\/\/www.tahelilled.eu\/wp-content\/uploads\/2011\/08\/punane-basiilik_al.4-scaled-100x100.jpg 100w\" sizes=\"(max-width: 150px) 100vw, 150px\" \/><\/a>\n\t\t\t<\/dt>\n\t\t\t\t<dd class='wp-caption-text gallery-caption' id='gallery-1-162'>\n\t\t\t\tPUNANE BASIILIK. Hind alates 4 \u20ac. Toote kood: Y17\n\t\t\t\t<\/dd><\/dl><dl class='gallery-item'>\n\t\t\t<dt class='gallery-icon portrait'>\n\t\t\t\t<a href='http:\/\/www.tahelilled.eu\/?attachment_id=161'><img loading=\"lazy\" decoding=\"async\" width=\"150\" height=\"150\" src=\"http:\/\/www.tahelilled.eu\/wp-content\/uploads\/2011\/08\/prantsuse-lavendel_al.5.10-150x150.jpg\" class=\"attachment-thumbnail size-thumbnail\" alt=\"\" aria-describedby=\"gallery-1-161\" srcset=\"http:\/\/www.tahelilled.eu\/wp-content\/uploads\/2011\/08\/prantsuse-lavendel_al.5.10-150x150.jpg 150w, http:\/\/www.tahelilled.eu\/wp-content\/uploads\/2011\/08\/prantsuse-lavendel_al.5.10-scaled-100x100.jpg 100w\" sizes=\"(max-width: 150px) 100vw, 150px\" \/><\/a>\n\t\t\t<\/dt>\n\t\t\t\t<dd class='wp-caption-text gallery-caption' id='gallery-1-161'>\n\t\t\t\tPRANTSUSE LAVENDEL. Hind alates 5.10 \u20ac. Toote kood: Y18\n\t\t\t\t<\/dd><\/dl><dl class='gallery-item'>\n\t\t\t<dt class='gallery-icon portrait'>\n\t\t\t\t<a href='http:\/\/www.tahelilled.eu\/?attachment_id=160'><img loading=\"lazy\" decoding=\"async\" width=\"150\" height=\"150\" src=\"http:\/\/www.tahelilled.eu\/wp-content\/uploads\/2011\/08\/piparm\u00fcnt_sokolaadi_al_5-150x150.jpg\" class=\"attachment-thumbnail size-thumbnail\" alt=\"\" aria-describedby=\"gallery-1-160\" \/><\/a>\n\t\t\t<\/dt>\n\t\t\t\t<dd class='wp-caption-text gallery-caption' id='gallery-1-160'>\n\t\t\t\tPIPARM\u00dcNT (\u0160OKOLAADI). Hind alates 5 \u20ac. Toote kood: Y19\n\t\t\t\t<\/dd><\/dl><dl class='gallery-item'>\n\t\t\t<dt class='gallery-icon portrait'>\n\t\t\t\t<a href='http:\/\/www.tahelilled.eu\/?attachment_id=159'><img loading=\"lazy\" decoding=\"async\" width=\"150\" height=\"150\" src=\"http:\/\/www.tahelilled.eu\/wp-content\/uploads\/2011\/08\/petersell_al_4-150x150.jpg\" class=\"attachment-thumbnail size-thumbnail\" alt=\"\" aria-describedby=\"gallery-1-159\" srcset=\"http:\/\/www.tahelilled.eu\/wp-content\/uploads\/2011\/08\/petersell_al_4-150x150.jpg 150w, http:\/\/www.tahelilled.eu\/wp-content\/uploads\/2011\/08\/petersell_al_4-scaled-100x100.jpg 100w\" sizes=\"(max-width: 150px) 100vw, 150px\" \/><\/a>\n\t\t\t<\/dt>\n\t\t\t\t<dd class='wp-caption-text gallery-caption' id='gallery-1-159'>\n\t\t\t\tPETERSELL. Hind alates 4 \u20ac. Toote kood: Y20\n\t\t\t\t<\/dd><\/dl><br style=\"clear: both\" \/><dl class='gallery-item'>\n\t\t\t<dt class='gallery-icon portrait'>\n\t\t\t\t<a href='http:\/\/www.tahelilled.eu\/?attachment_id=158'><img loading=\"lazy\" decoding=\"async\" width=\"150\" height=\"150\" src=\"http:\/\/www.tahelilled.eu\/wp-content\/uploads\/2011\/08\/mugullauk_1.90-150x150.jpg\" class=\"attachment-thumbnail size-thumbnail\" alt=\"\" aria-describedby=\"gallery-1-158\" srcset=\"http:\/\/www.tahelilled.eu\/wp-content\/uploads\/2011\/08\/mugullauk_1.90-150x150.jpg 150w, http:\/\/www.tahelilled.eu\/wp-content\/uploads\/2011\/08\/mugullauk_1.90-scaled-100x100.jpg 100w\" sizes=\"(max-width: 150px) 100vw, 150px\" \/><\/a>\n\t\t\t<\/dt>\n\t\t\t\t<dd class='wp-caption-text gallery-caption' id='gallery-1-158'>\n\t\t\t\tMUGULLAUK. Hind 1.90 \u20ac. Toote kood: Y21\n\t\t\t\t<\/dd><\/dl><dl class='gallery-item'>\n\t\t\t<dt class='gallery-icon portrait'>\n\t\t\t\t<a href='http:\/\/www.tahelilled.eu\/?attachment_id=157'><img loading=\"lazy\" decoding=\"async\" width=\"150\" height=\"150\" src=\"http:\/\/www.tahelilled.eu\/wp-content\/uploads\/2011\/08\/maitsetaimekott_m\u00fcnt_liivatee-2_pune-2_rosmariin-2_al.12-150x150.jpg\" class=\"attachment-thumbnail size-thumbnail\" alt=\"\" aria-describedby=\"gallery-1-157\" \/><\/a>\n\t\t\t<\/dt>\n\t\t\t\t<dd class='wp-caption-text gallery-caption' id='gallery-1-157'>\n\t\t\t\tMAITSETAIMEKOTT: M\u00dcNT, LIIVATEE (2), PUNE (2), ROSMARIIN (2). Hind alates 12 \u20ac. Toote kood: Y22\n\t\t\t\t<\/dd><\/dl><dl class='gallery-item'>\n\t\t\t<dt class='gallery-icon portrait'>\n\t\t\t\t<a href='http:\/\/www.tahelilled.eu\/?attachment_id=156'><img loading=\"lazy\" decoding=\"async\" width=\"150\" height=\"150\" src=\"http:\/\/www.tahelilled.eu\/wp-content\/uploads\/2011\/08\/kohvipuu_al_6-150x150.jpg\" class=\"attachment-thumbnail size-thumbnail\" alt=\"\" aria-describedby=\"gallery-1-156\" srcset=\"http:\/\/www.tahelilled.eu\/wp-content\/uploads\/2011\/08\/kohvipuu_al_6-150x150.jpg 150w, http:\/\/www.tahelilled.eu\/wp-content\/uploads\/2011\/08\/kohvipuu_al_6-scaled-100x100.jpg 100w\" sizes=\"(max-width: 150px) 100vw, 150px\" \/><\/a>\n\t\t\t<\/dt>\n\t\t\t\t<dd class='wp-caption-text gallery-caption' id='gallery-1-156'>\n\t\t\t\tKOHVIPUU. Hind alates 6 \u20ac. Toote kood: Y23\n\t\t\t\t<\/dd><\/dl><dl class='gallery-item'>\n\t\t\t<dt class='gallery-icon portrait'>\n\t\t\t\t<a href='http:\/\/www.tahelilled.eu\/?attachment_id=151'><img loading=\"lazy\" decoding=\"async\" width=\"150\" height=\"150\" src=\"http:\/\/www.tahelilled.eu\/wp-content\/uploads\/2011\/08\/kas-onpune_al.5.10-150x150.jpg\" class=\"attachment-thumbnail size-thumbnail\" alt=\"\" aria-describedby=\"gallery-1-151\" srcset=\"http:\/\/www.tahelilled.eu\/wp-content\/uploads\/2011\/08\/kas-onpune_al.5.10-150x150.jpg 150w, http:\/\/www.tahelilled.eu\/wp-content\/uploads\/2011\/08\/kas-onpune_al.5.10-scaled-100x100.jpg 100w\" sizes=\"(max-width: 150px) 100vw, 150px\" \/><\/a>\n\t\t\t<\/dt>\n\t\t\t\t<dd class='wp-caption-text gallery-caption' id='gallery-1-151'>\n\t\t\t\tPUNE. Hind alates 5.10 \u20ac. Toote kood: Y24\n\t\t\t\t<\/dd><\/dl><br style=\"clear: both\" \/><dl class='gallery-item'>\n\t\t\t<dt class='gallery-icon portrait'>\n\t\t\t\t<a href='http:\/\/www.tahelilled.eu\/?attachment_id=150'><img loading=\"lazy\" decoding=\"async\" width=\"150\" height=\"150\" src=\"http:\/\/www.tahelilled.eu\/wp-content\/uploads\/2011\/08\/iisop_al.5.10_-150x150.jpg\" class=\"attachment-thumbnail size-thumbnail\" alt=\"\" aria-describedby=\"gallery-1-150\" srcset=\"http:\/\/www.tahelilled.eu\/wp-content\/uploads\/2011\/08\/iisop_al.5.10_-150x150.jpg 150w, http:\/\/www.tahelilled.eu\/wp-content\/uploads\/2011\/08\/iisop_al.5.10_-scaled-100x100.jpg 100w\" sizes=\"(max-width: 150px) 100vw, 150px\" \/><\/a>\n\t\t\t<\/dt>\n\t\t\t\t<dd class='wp-caption-text gallery-caption' id='gallery-1-150'>\n\t\t\t\tIISOP. Hind alates 5.10 \u20ac. Toote kood: Y25\n\t\t\t\t<\/dd><\/dl><dl class='gallery-item'>\n\t\t\t<dt class='gallery-icon landscape'>\n\t\t\t\t<a href='http:\/\/www.tahelilled.eu\/?attachment_id=149'><img loading=\"lazy\" decoding=\"async\" width=\"150\" height=\"150\" src=\"http:\/\/www.tahelilled.eu\/wp-content\/uploads\/2011\/08\/grillisegu_rosmarin_pune_m\u00fcnt_liivatee_salvei_al.10_-150x150.jpg\" class=\"attachment-thumbnail size-thumbnail\" alt=\"\" aria-describedby=\"gallery-1-149\" \/><\/a>\n\t\t\t<\/dt>\n\t\t\t\t<dd class='wp-caption-text gallery-caption' id='gallery-1-149'>\n\t\t\t\tGRILLISEGU: ROSMARIIN, PUNE, M\u00dcNT, LIIVATEE, SALVEI. Hind alates 10 \u20ac. Toote kood: Y26\n\t\t\t\t<\/dd><\/dl><dl class='gallery-item'>\n\t\t\t<dt class='gallery-icon portrait'>\n\t\t\t\t<a href='http:\/\/www.tahelilled.eu\/?attachment_id=148'><img loading=\"lazy\" decoding=\"async\" width=\"150\" height=\"150\" src=\"http:\/\/www.tahelilled.eu\/wp-content\/uploads\/2011\/08\/basiilik_al_5-150x150.jpg\" class=\"attachment-thumbnail size-thumbnail\" alt=\"\" aria-describedby=\"gallery-1-148\" srcset=\"http:\/\/www.tahelilled.eu\/wp-content\/uploads\/2011\/08\/basiilik_al_5-150x150.jpg 150w, http:\/\/www.tahelilled.eu\/wp-content\/uploads\/2011\/08\/basiilik_al_5-scaled-100x100.jpg 100w\" sizes=\"(max-width: 150px) 100vw, 150px\" \/><\/a>\n\t\t\t<\/dt>\n\t\t\t\t<dd class='wp-caption-text gallery-caption' id='gallery-1-148'>\n\t\t\t\tBASIILIK. Hind alates 5 \u20ac. Toote kood: Y27\n\t\t\t\t<\/dd><\/dl><dl class='gallery-item'>\n\t\t\t<dt class='gallery-icon portrait'>\n\t\t\t\t<a href='http:\/\/www.tahelilled.eu\/?attachment_id=539'><img loading=\"lazy\" decoding=\"async\" width=\"150\" height=\"150\" src=\"http:\/\/www.tahelilled.eu\/wp-content\/uploads\/2011\/08\/IMG_0117-e1323530747864-150x150.jpg\" class=\"attachment-thumbnail size-thumbnail\" alt=\"\" aria-describedby=\"gallery-1-539\" srcset=\"http:\/\/www.tahelilled.eu\/wp-content\/uploads\/2011\/08\/IMG_0117-e1323530747864-150x150.jpg 150w, http:\/\/www.tahelilled.eu\/wp-content\/uploads\/2011\/08\/IMG_0117-e1323530747864-scaled-100x100.jpg 100w\" sizes=\"(max-width: 150px) 100vw, 150px\" \/><\/a>\n\t\t\t<\/dt>\n\t\t\t\t<dd class='wp-caption-text gallery-caption' id='gallery-1-539'>\n\t\t\t\tToote kood Y28. Rosmariin. Hind 15 \u20ac (koos k\u00e4ruga)\n\t\t\t\t<\/dd><\/dl><br style=\"clear: both\" \/><dl class='gallery-item'>\n\t\t\t<dt class='gallery-icon landscape'>\n\t\t\t\t<a href='http:\/\/www.tahelilled.eu\/?attachment_id=540'><img loading=\"lazy\" decoding=\"async\" width=\"150\" height=\"150\" src=\"http:\/\/www.tahelilled.eu\/wp-content\/uploads\/2011\/08\/IMG_0118-150x150.jpg\" class=\"attachment-thumbnail size-thumbnail\" alt=\"\" aria-describedby=\"gallery-1-540\" srcset=\"http:\/\/www.tahelilled.eu\/wp-content\/uploads\/2011\/08\/IMG_0118-150x150.jpg 150w, http:\/\/www.tahelilled.eu\/wp-content\/uploads\/2011\/08\/IMG_0118-scaled-100x100.jpg 100w\" sizes=\"(max-width: 150px) 100vw, 150px\" \/><\/a>\n\t\t\t<\/dt>\n\t\t\t\t<dd class='wp-caption-text gallery-caption' id='gallery-1-540'>\n\t\t\t\tToote kood Y29. Sidrunt\u00fc\u00fcmian. Hind 15 \u20ac (koos k\u00e4ruga)\n\t\t\t\t<\/dd><\/dl><dl class='gallery-item'>\n\t\t\t<dt class='gallery-icon landscape'>\n\t\t\t\t<a href='http:\/\/www.tahelilled.eu\/?attachment_id=541'><img loading=\"lazy\" decoding=\"async\" width=\"150\" height=\"150\" src=\"http:\/\/www.tahelilled.eu\/wp-content\/uploads\/2011\/08\/IMG_0120-150x150.jpg\" class=\"attachment-thumbnail size-thumbnail\" alt=\"\" aria-describedby=\"gallery-1-541\" srcset=\"http:\/\/www.tahelilled.eu\/wp-content\/uploads\/2011\/08\/IMG_0120-150x150.jpg 150w, http:\/\/www.tahelilled.eu\/wp-content\/uploads\/2011\/08\/IMG_0120-scaled-100x100.jpg 100w\" sizes=\"(max-width: 150px) 100vw, 150px\" \/><\/a>\n\t\t\t<\/dt>\n\t\t\t\t<dd class='wp-caption-text gallery-caption' id='gallery-1-541'>\n\t\t\t\tToote kood Y30. Lavendel. Hind 15 \u20ac (koos k\u00e4ruga)\n\t\t\t\t<\/dd><\/dl>\n\t\t\t<br style='clear: both' \/>\n\t\t<\/div>\n\n","protected":false},"excerpt":{"rendered":"<p>Miks mitte tellida s\u00f5brale v\u00f5i koost\u00f6\u00f6partnerile tavap\u00e4rase lillekimbu asemel lilletervitus maitsetaimeseadena? Lisaks \u00fcllatavale tervituskimbule on garanteeritud meeldej\u00e4\u00e4v ja praktiline kingitus k\u00f6\u00f6ki (loorber, rosmariin, basiilik jpt).<\/p>\n","protected":false},"author":1,"featured_media":148,"parent":0,"menu_order":4,"comment_status":"open","ping_status":"open","template":"","meta":{"footnotes":""},"class_list":["post-141","page","type-page","status-publish","has-post-thumbnail","hentry"],"_links":{"self":[{"href":"http:\/\/www.tahelilled.eu\/index.php?rest_route=\/wp\/v2\/pages\/141"}],"collection":[{"href":"http:\/\/www.tahelilled.eu\/index.php?rest_route=\/wp\/v2\/pages"}],"about":[{"href":"http:\/\/www.tahelilled.eu\/index.php?rest_route=\/wp\/v2\/types\/page"}],"author":[{"embeddable":true,"href":"http:\/\/www.tahelilled.eu\/index.php?rest_route=\/wp\/v2\/users\/1"}],"replies":[{"embeddable":true,"href":"http:\/\/www.tahelilled.eu\/index.php?rest_route=%2Fwp%2Fv2%2Fcomments&post=141"}],"version-history":[{"count":5,"href":"http:\/\/www.tahelilled.eu\/index.php?rest_route=\/wp\/v2\/pages\/141\/revisions"}],"predecessor-version":[{"id":177,"href":"http:\/\/www.tahelilled.eu\/index.php?rest_route=\/wp\/v2\/pages\/141\/revisions\/177"}],"wp:featuredmedia":[{"embeddable":true,"href":"http:\/\/www.tahelilled.eu\/index.php?rest_route=\/wp\/v2\/media\/148"}],"wp:attachment":[{"href":"http:\/\/www.tahelilled.eu\/index.php?rest_route=%2Fwp%2Fv2%2Fmedia&parent=141"}],"curies":[{"name":"wp","href":"https:\/\/api.w.org\/{rel}","templated":true}]}}